{"id":4599,"date":"2026-01-05T13:19:56","date_gmt":"2026-01-05T18:19:56","guid":{"rendered":"https:\/\/www.movidelnor.gob.ec\/web\/webepm\/?page_id=4599"},"modified":"2026-01-14T10:48:15","modified_gmt":"2026-01-14T15:48:15","slug":"duplicado-de-adhesivo-revision-vehicular","status":"publish","type":"page","link":"https:\/\/movidelnor.gob.ec\/web\/webepm\/duplicado-de-adhesivo-revision-vehicular\/","title":{"rendered":"Duplicado de Adhesivo de Revisi\u00f3n Vehicular"},"content":{"rendered":"\t\t<div data-elementor-type=\"wp-page\" data-elementor-id=\"4599\" class=\"elementor elementor-4599\" data-elementor-post-type=\"page\">\n\t\t\t\t<div class=\"elementor-element elementor-element-01a44f3 e-flex e-con-boxed e-con e-parent\" data-id=\"01a44f3\" data-element_type=\"container\" data-e-type=\"container\" data-settings=\"{&quot;background_background&quot;:&quot;classic&quot;}\">\n\t\t\t\t\t<div class=\"e-con-inner\">\n\t\t<div class=\"elementor-element elementor-element-fd179df e-con-full e-grid e-con e-child\" data-id=\"fd179df\" data-element_type=\"container\" data-e-type=\"container\">\n\t\t\t\t<div class=\"elementor-element elementor-element-868152f elementor-widget elementor-widget-heading\" data-id=\"868152f\" data-element_type=\"widget\" data-e-type=\"widget\" data-widget_type=\"heading.default\">\n\t\t\t\t\t<h2 class=\"elementor-heading-title elementor-size-default\">DUPLICADO DE ADHESIVO DE REVISI\u00d3N VEHICULAR<\/h2>\t\t\t\t<\/div>\n\t\t\t\t<\/div>\n\t\t\t\t\t<\/div>\n\t\t\t\t<\/div>\n\t\t<div class=\"elementor-element elementor-element-7fd84e1 e-con-full e-flex e-con e-parent\" data-id=\"7fd84e1\" data-element_type=\"container\" data-e-type=\"container\" data-settings=\"{&quot;background_background&quot;:&quot;classic&quot;}\">\n\t\t\t\t<div class=\"elementor-element elementor-element-ceb22d1 elementor-widget elementor-widget-elementskit-heading\" data-id=\"ceb22d1\" data-element_type=\"widget\" data-e-type=\"widget\" data-widget_type=\"elementskit-heading.default\">\n\t\t\t\t\t<div class=\"ekit-wid-con\" ><div class=\"ekit-heading elementskit-section-title-wraper text_center   ekit_heading_tablet-   ekit_heading_mobile-\"><h2 class=\"ekit-heading--title elementskit-section-title \">Pasos a seguir:<\/h2><div class=\"ekit_heading_separetor_wraper ekit_heading_elementskit-border-divider elementskit-style-long\"><div class=\"elementskit-border-divider elementskit-style-long\"><\/div><\/div><\/div><\/div>\t\t\t\t<\/div>\n\t\t\t\t<div class=\"elementor-element elementor-element-165f264 elementor-widget elementor-widget-text-editor\" data-id=\"165f264\" data-element_type=\"widget\" data-e-type=\"widget\" data-widget_type=\"text-editor.default\">\n\t\t\t\t\t\t\t\t\t<div class=\"box\">\n\n<!-- P\u00c9RDIDA O ROBO -->\n<div class=\"accordion-header active\">Por p\u00e9rdida o robo<\/div>\n<div class=\"accordion-content open\"style=\"display: block;\">\n<div class=\"step\">\n<div class=\"step-num\">1<\/div>\n<div>C\u00e9dula y certificado de votaci\u00f3n originales del propietario.<\/div>\n<\/div>\n<div class=\"step\">\n<div class=\"step-num\">2<\/div>\n<div>Denuncia por p\u00e9rdida o robo de adhesivo emitida mediante la pagina web del Consejo de la Judicatura.<\/div>\n<\/div>\n<div class=\"step\">\n<div class=\"step-num\">3<\/div>\n<div>Verificar que el veh\u00edculo o propietario <strong>no tenga multas o coactivas<\/strong> en ANT o MOVIDELNOR.\nSi existen, cancelarlas en el Banco del Pac\u00edfico o puntos autorizados.<\/div>\n<\/div>\n<div class=\"step\">\n<div class=\"step-num\">4<\/div>\n<div>\n\n<strong>Matricula Original:<\/strong>\n<ul>\n \t<li>En caso de estar extraviada, presentar certificado \u00fanico vehicular.\nGenerar orden de pago en <strong>www.movidelnor.gob.ec<\/strong>\nCancelar en el Banco del Pac\u00edfico o puntos autorizados.\nEl CUV llegar\u00e1 al correo del propietario.\nSi no se recibe, retirarlo en atenci\u00f3n al cliente.<\/li>\n \t<li>Denuncia por p\u00e9rdida o robo de matricula emitida mediante la pagina web del Consejo de la Judicatura.<\/li>\n<\/ul>\n<\/div>\n<\/div>\n<div class= \"step\">\n<div class=\"step-num\">5<\/div>\n<div>\nPago del Sismert (Municipio Ibarra).\n<\/div>\n<\/div>\n<div class=\"note\"><strong>Importante:<\/strong>\nEl duplicado del adhesivo se entregar\u00e1 \u00fanicamente si la\n<strong>Revisi\u00f3n T\u00e9cnica Vehicular (RTV)<\/strong> del a\u00f1o en curso\nfue aprobada en <strong>MOVIDELNOR<\/strong>.<\/div>\n<\/div>\n\n\n<br>\n<!-- DETERIORO -->\n<div class=\"accordion-header active\">Por deterioro<\/div>\n<div class=\"accordion-content open\"style=\"display: block;\">\n<div class=\"step\">\n<div class=\"step-num\">1<\/div>\n<div>C\u00e9dula y certificado de votaci\u00f3n originales del propietario.<\/div>\n<\/div>\n<div class=\"step\">\n<div class=\"step-num\">2<\/div>\n<div>Adhesivo deteriorado original.<\/div>\n<\/div>\n<div class=\"step\">\n<div class=\"step-num\">3<\/div>\n<div>Consultar infracciones en MOVIDELNOR y ANT con c\u00e9dula y placa.\nSi existen valores pendientes, deber\u00e1n ser cancelados en el\nBanco del Pac\u00edfico.<\/div>\n<\/div>\n<div class=\"step\">\n<div class=\"step-num\">4<\/div>\n<div>\n\n<strong>Matricula Original:<\/strong>\n<ul>\n \t<li>En caso de estar extraviada, presentar certificado \u00fanico vehicular.\nGenerar orden de pago en <strong>www.movidelnor.gob.ec<\/strong>\nCancelar en el Banco del Pac\u00edfico o puntos autorizados.\nEl CUV llegar\u00e1 al correo del propietario.\nSi no se recibe, retirarlo en atenci\u00f3n al cliente.<\/li>\n \t<li>Denuncia por p\u00e9rdida o robo de matricula emitida mediante la pagina web del Consejo de la Judicatura.<\/li>\n<\/ul>\n<\/div>\n<\/div>\n<div class= \"step\">\n<div class=\"step-num\">5<\/div>\n<div>\n<ul>\n \t<li>Pago del Sismert (Municipio Ibarra)<\/li>\n<\/ul>\n<\/div>\n<\/div>\n<div class=\"note\"><strong>Importante:<\/strong>\nEl duplicado del adhesivo ser\u00e1 otorgado \u00fanicamente si la\n<strong>RTV del a\u00f1o en curso<\/strong> fue aprobada en MOVIDELNOR.<\/div>\n<\/div>\n<!-- AUTORIZACI\u00d3N -->\n<h3>Quien Puede realizar el tr\u00e1mite:<\/h3>\n<!-- PERSONA NATURAL -->\n<div class=\"accordion-header active\" data-accordion=\"natural\">Persona Natural<\/div>\n<div id=\"accordion-natural\" class=\"accordion-content open\"style=\"display: block;\">\n<div class=\"list\">\n<ul>\n \t<li>Familiar en primer grado de consanguinidad o afinidad: presentando cedula y papeleta de votaci\u00f3n original .<\/li>\n \t<li>Terceras Personas: Poder especial original.<\/li>\n<\/ul>\n<\/div>\n<\/div>\n<br>\n<!-- PERSONA JUR\u00cdDICA -->\n<div class=\"accordion-header active\" data-accordion=\"juridica\">Persona Jur\u00eddica<\/div>\n<div id=\"accordion-juridica\" class=\"accordion-content open\" style=\"display:block;\">\n<div class=\"list\">\n<ul>\n \t<li>C\u00e9dula y certificado de votaci\u00f3n del representante legal (original o copia).<\/li>\n \t<li>C\u00e9dula y certificado de votaci\u00f3n original de la persona autorizada.<\/li>\n \t<li>RUC de la empresa.<\/li>\n \t<li>Nombramiento del representante legal vigente.<\/li>\n \t<li>Autorizaci\u00f3n simple original emitida por el representante legal.<\/li>\n<\/ul>\n<\/div>\n<\/div>\n<\/div>\n<script>\n(function () {\n  document.querySelectorAll('.accordion-header').forEach(header => {\n    header.addEventListener('click', () => {\n      header.classList.toggle('active');\n      const content = header.nextElementSibling;\n      if (!content) return;\n\n      content.style.display =\n        content.style.display === 'block' ? 'none' : 'block';\n    });\n  });\n})();\n<\/script>\t\t\t\t\t\t\t\t<\/div>\n\t\t\t\t<\/div>\n\t\t\t\t<\/div>\n\t\t","protected":false},"excerpt":{"rendered":"<p>DUPLICADO DE ADHESIVO DE REVISI\u00d3N VEHICULAR Pasos a seguir: Por p\u00e9rdida o robo 1 C\u00e9dula y certificado de votaci\u00f3n originales del propietario. 2 Denuncia por p\u00e9rdida o robo de adhesivo emitida mediante la pagina web del Consejo de la Judicatura. 3 Verificar que el veh\u00edculo o propietario no tenga multas o coactivas en ANT o [&hellip;]<\/p>\n","protected":false},"author":3,"featured_media":0,"parent":0,"menu_order":0,"comment_status":"closed","ping_status":"closed","template":"elementor_header_footer","meta":{"footnotes":""},"class_list":["post-4599","page","type-page","status-publish","hentry"],"aioseo_notices":[],"_links":{"self":[{"href":"https:\/\/movidelnor.gob.ec\/web\/webepm\/wp-json\/wp\/v2\/pages\/4599","targetHints":{"allow":["GET"]}}],"collection":[{"href":"https:\/\/movidelnor.gob.ec\/web\/webepm\/wp-json\/wp\/v2\/pages"}],"about":[{"href":"https:\/\/movidelnor.gob.ec\/web\/webepm\/wp-json\/wp\/v2\/types\/page"}],"author":[{"embeddable":true,"href":"https:\/\/movidelnor.gob.ec\/web\/webepm\/wp-json\/wp\/v2\/users\/3"}],"replies":[{"embeddable":true,"href":"https:\/\/movidelnor.gob.ec\/web\/webepm\/wp-json\/wp\/v2\/comments?post=4599"}],"version-history":[{"count":25,"href":"https:\/\/movidelnor.gob.ec\/web\/webepm\/wp-json\/wp\/v2\/pages\/4599\/revisions"}],"predecessor-version":[{"id":6002,"href":"https:\/\/movidelnor.gob.ec\/web\/webepm\/wp-json\/wp\/v2\/pages\/4599\/revisions\/6002"}],"wp:attachment":[{"href":"https:\/\/movidelnor.gob.ec\/web\/webepm\/wp-json\/wp\/v2\/media?parent=4599"}],"curies":[{"name":"wp","href":"https:\/\/api.w.org\/{rel}","templated":true}]}}