{"id":4553,"date":"2026-01-05T11:57:31","date_gmt":"2026-01-05T16:57:31","guid":{"rendered":"https:\/\/www.movidelnor.gob.ec\/web\/webepm\/?page_id=4553"},"modified":"2026-01-14T09:07:01","modified_gmt":"2026-01-14T14:07:01","slug":"cambio-servicio-publico-a-particular","status":"publish","type":"page","link":"https:\/\/movidelnor.gob.ec\/web\/webepm\/cambio-servicio-publico-a-particular\/","title":{"rendered":"Cambio de Servicio Veh\u00edculo P\u00fablico a Particular"},"content":{"rendered":"\t\t<div data-elementor-type=\"wp-page\" data-elementor-id=\"4553\" class=\"elementor elementor-4553\" data-elementor-post-type=\"page\">\n\t\t\t\t<div class=\"elementor-element elementor-element-01a44f3 e-flex e-con-boxed e-con e-parent\" data-id=\"01a44f3\" data-element_type=\"container\" data-e-type=\"container\" data-settings=\"{&quot;background_background&quot;:&quot;classic&quot;}\">\n\t\t\t\t\t<div class=\"e-con-inner\">\n\t\t<div class=\"elementor-element elementor-element-fd179df e-con-full e-grid e-con e-child\" data-id=\"fd179df\" data-element_type=\"container\" data-e-type=\"container\">\n\t\t\t\t<div class=\"elementor-element elementor-element-868152f elementor-widget elementor-widget-heading\" data-id=\"868152f\" data-element_type=\"widget\" data-e-type=\"widget\" data-widget_type=\"heading.default\">\n\t\t\t\t\t<h2 class=\"elementor-heading-title elementor-size-default\">CAMBIO DE SERVICIO DE VEH\u00cdCULO P\u00daBLICO A PARTICULAR<\/h2>\t\t\t\t<\/div>\n\t\t\t\t<\/div>\n\t\t\t\t\t<\/div>\n\t\t\t\t<\/div>\n\t\t<div class=\"elementor-element elementor-element-7fd84e1 e-con-full e-flex e-con e-parent\" data-id=\"7fd84e1\" data-element_type=\"container\" data-e-type=\"container\" data-settings=\"{&quot;background_background&quot;:&quot;classic&quot;}\">\n\t\t\t\t<div class=\"elementor-element elementor-element-ceb22d1 elementor-widget elementor-widget-elementskit-heading\" data-id=\"ceb22d1\" data-element_type=\"widget\" data-e-type=\"widget\" data-widget_type=\"elementskit-heading.default\">\n\t\t\t\t\t<div class=\"ekit-wid-con\" ><div class=\"ekit-heading elementskit-section-title-wraper text_center   ekit_heading_tablet-   ekit_heading_mobile-\"><h2 class=\"ekit-heading--title elementskit-section-title \">Pasos a seguir:<\/h2><div class=\"ekit_heading_separetor_wraper ekit_heading_elementskit-border-divider elementskit-style-long\"><div class=\"elementskit-border-divider elementskit-style-long\"><\/div><\/div><\/div><\/div>\t\t\t\t<\/div>\n\t\t\t\t<div class=\"elementor-element elementor-element-165f264 elementor-widget elementor-widget-text-editor\" data-id=\"165f264\" data-element_type=\"widget\" data-e-type=\"widget\" data-widget_type=\"text-editor.default\">\n\t\t\t\t\t\t\t\t\t<div class=\"box\">\n\n<!-- PASOS -->\n<div class=\"step\">\n<div class=\"step-num\">1<\/div>\n<div>Presentar la <strong>Resoluci\u00f3n de Deshabilitaci\u00f3n<\/strong> en formato original.<\/div>\n<\/div>\n<div class=\"step\">\n<div class=\"step-num\">2<\/div>\n<div>Pagar el valor de las placas (<strong>$23<\/strong>) en el Banco del Pac\u00edfico o puntos autorizados y sacar copia del comprobante.<\/div>\n<\/div>\n<div class=\"step\">\n<div class=\"step-num\">3<\/div>\n<div>Verificar que el veh\u00edculo o propietario no tenga multas o coactivas pendientes en <strong>ANT<\/strong> y <strong>MOVIDELNOR<\/strong>.\nEn caso de valores pendientes, cancelarlos en el Banco del Pac\u00edfico o puntos de pago autorizados.<\/div>\n<\/div>\n<div class=\"step\">\n<div class=\"step-num\">4<\/div>\n<div>Presentar matr\u00edcula original.\nSi est\u00e1 extraviada, generar orden de pago del <strong>CUV<\/strong> en\n<a href=\"https:\/\/www.movidelnor.gob.ec\" target=\"_blank\" rel=\"noopener\">www.movidelnor.gob.ec<\/a>,\ncancelar y descargar el PDF enviado al correo del propietario.<\/div>\n<\/div>\n<div class=\"step\">\n<div class=\"step-num\">5<\/div>\n<div>Presentar denuncia en PDF por p\u00e9rdida de matr\u00edcula (Consejo de la Judicatura).<\/div>\n<\/div>\n<div class=\"step\">\n<div class=\"step-num\">6<\/div>\n<div>Presentar c\u00e9dula y certificado de votaci\u00f3n originales y vigentes del propietario.<\/div>\n<\/div>\n<!-- REQUISITOS -->\n<div class=\"list\">\n<h4>\ud83d\udccb Requisitos<\/h4>\n<ul>\n \t<li>Resoluci\u00f3n de deshabilitaci\u00f3n (original).<\/li>\n \t<li>Comprobante de pago de placas ($23) y copia.<\/li>\n \t<li>Pago del Sismert (Municipio IBARRA).<\/li>\n \t<li>Matr\u00edcula original o CUV.<\/li>\n \t<li>Denuncia por p\u00e9rdida de matr\u00edcula (si aplica).<\/li>\n \t<li>C\u00e9dula y certificado de votaci\u00f3n vigentes.<\/li>\n<\/ul>\n<\/div>\n<br>\n<!-- ACORDEONES -->\n<div class=\"accordion-header active\">Veh\u00edculos con capacidad de carga desde 3.5 toneladas<\/div>\n<div class=\"accordion-content open\"style=\"display: block;\">\n<ul>\n \t<li><strong>Cuenta propia:<\/strong> RUC del propietario (excepto transporte).<\/li>\n \t<li><strong>Particular:<\/strong> Declaraci\u00f3n juramentada sin fines de lucro.<\/li>\n<\/ul>\n<\/div>\n<br>\n<div class=\"accordion-header active\">Veh\u00edculos con capacidad desde 12 pasajeros<\/div>\n<div class=\"accordion-content open\" style=\"display: block;\">\n<ul>\n \t<li><strong>Particular:<\/strong> Declaraci\u00f3n juramentada sin fines de lucro.<\/li>\n<\/ul>\n<\/div>\n<!-- AUTORIZACI\u00d3N -->\n<h3>Quien Puede realizar el tr\u00e1mite:<\/h3>\n<!-- PERSONA NATURAL -->\n<div class=\"accordion-header active\" data-accordion=\"natural\">Persona Natural<\/div>\n<div id=\"accordion-natural\" class=\"accordion-content open\" style=\"display: block;\">\n<div class=\"list\">\n<ul>\n \t<li>Familiar en primer grado de consanguinidad o afinidad: presentando cedula y papeleta de votaci\u00f3n original .<\/li>\n \t<li>Terceras Personas: Poder especial original.<\/li>\n<\/ul>\n<\/div>\n<\/div>\n<br>\n<!-- PERSONA JUR\u00cdDICA -->\n<div class=\"accordion-header active\" data-accordion=\"juridica\">Persona Jur\u00eddica<\/div>\n<div id=\"accordion-juridica\" class=\"accordion-content open\" style=\"display: block;\">\n<div class=\"list\">\n<ul>\n \t<li>C\u00e9dula y certificado de votaci\u00f3n del representante legal (original o copia).<\/li>\n \t<li>C\u00e9dula y certificado de votaci\u00f3n original de la persona autorizada.<\/li>\n \t<li>RUC de la empresa.<\/li>\n \t<li>Nombramiento del representante legal vigente.<\/li>\n \t<li>Autorizaci\u00f3n simple original emitida por el representante legal.<\/li>\n<\/ul>\n<\/div>\n<\/div>\n<!-- OBSERVACIONES -->\n<div class=\"note\">\n\n<strong>Observaciones importantes:<\/strong>\n<ul>\n \t<li>Documentos con firma electr\u00f3nica: presentar PDF original o materializar en notar\u00eda.<\/li>\n \t<li>Documentos con firma manual: originales o copias fieles certificadas.<\/li>\n \t<li>Acercarse a las oficinas de atenci\u00f3n al cliente con toda la documentacion correspondiente.<\/li>\n<\/ul>\n<\/div>\n<\/div>\n<script>\n(function () {\n  const headers = document.querySelectorAll('.accordion-header');\n\n  headers.forEach(header => {\n    header.addEventListener('click', () => {\n      header.classList.toggle('active');\n      const content = header.nextElementSibling;\n      if (!content) return;\n\n      content.style.display =\n        content.style.display === 'block' ? 'none' : 'block';\n    });\n  });\n})();\n<\/script>\t\t\t\t\t\t\t\t<\/div>\n\t\t\t\t<\/div>\n\t\t\t\t<\/div>\n\t\t","protected":false},"excerpt":{"rendered":"<p>CAMBIO DE SERVICIO DE VEH\u00cdCULO P\u00daBLICO A PARTICULAR Pasos a seguir: 1 Presentar la Resoluci\u00f3n de Deshabilitaci\u00f3n en formato original. 2 Pagar el valor de las placas ($23) en el Banco del Pac\u00edfico o puntos autorizados y sacar copia del comprobante. 3 Verificar que el veh\u00edculo o propietario no tenga multas o coactivas pendientes en [&hellip;]<\/p>\n","protected":false},"author":3,"featured_media":0,"parent":0,"menu_order":0,"comment_status":"closed","ping_status":"closed","template":"elementor_header_footer","meta":{"footnotes":""},"class_list":["post-4553","page","type-page","status-publish","hentry"],"aioseo_notices":[],"_links":{"self":[{"href":"https:\/\/movidelnor.gob.ec\/web\/webepm\/wp-json\/wp\/v2\/pages\/4553","targetHints":{"allow":["GET"]}}],"collection":[{"href":"https:\/\/movidelnor.gob.ec\/web\/webepm\/wp-json\/wp\/v2\/pages"}],"about":[{"href":"https:\/\/movidelnor.gob.ec\/web\/webepm\/wp-json\/wp\/v2\/types\/page"}],"author":[{"embeddable":true,"href":"https:\/\/movidelnor.gob.ec\/web\/webepm\/wp-json\/wp\/v2\/users\/3"}],"replies":[{"embeddable":true,"href":"https:\/\/movidelnor.gob.ec\/web\/webepm\/wp-json\/wp\/v2\/comments?post=4553"}],"version-history":[{"count":19,"href":"https:\/\/movidelnor.gob.ec\/web\/webepm\/wp-json\/wp\/v2\/pages\/4553\/revisions"}],"predecessor-version":[{"id":5975,"href":"https:\/\/movidelnor.gob.ec\/web\/webepm\/wp-json\/wp\/v2\/pages\/4553\/revisions\/5975"}],"wp:attachment":[{"href":"https:\/\/movidelnor.gob.ec\/web\/webepm\/wp-json\/wp\/v2\/media?parent=4553"}],"curies":[{"name":"wp","href":"https:\/\/api.w.org\/{rel}","templated":true}]}}