{"id":4499,"date":"2026-01-05T09:48:00","date_gmt":"2026-01-05T14:48:00","guid":{"rendered":"https:\/\/www.movidelnor.gob.ec\/web\/webepm\/?page_id=4499"},"modified":"2026-01-13T22:34:01","modified_gmt":"2026-01-14T03:34:01","slug":"transferencia-dominio-cambio-socio","status":"publish","type":"page","link":"https:\/\/movidelnor.gob.ec\/web\/webepm\/transferencia-dominio-cambio-socio\/","title":{"rendered":"Transferencia de Dominio &#8211; Cambio de Socio"},"content":{"rendered":"\t\t<div data-elementor-type=\"wp-page\" data-elementor-id=\"4499\" class=\"elementor elementor-4499\" data-elementor-post-type=\"page\">\n\t\t\t\t<div class=\"elementor-element elementor-element-01a44f3 e-flex e-con-boxed e-con e-parent\" data-id=\"01a44f3\" data-element_type=\"container\" data-e-type=\"container\" data-settings=\"{&quot;background_background&quot;:&quot;classic&quot;}\">\n\t\t\t\t\t<div class=\"e-con-inner\">\n\t\t<div class=\"elementor-element elementor-element-fd179df e-con-full e-grid e-con e-child\" data-id=\"fd179df\" data-element_type=\"container\" data-e-type=\"container\">\n\t\t\t\t<div class=\"elementor-element elementor-element-868152f elementor-widget elementor-widget-heading\" data-id=\"868152f\" data-element_type=\"widget\" data-e-type=\"widget\" data-widget_type=\"heading.default\">\n\t\t\t\t\t<h2 class=\"elementor-heading-title elementor-size-default\">TRANSFERENCIA DE DOMINIO - CAMBIO DE SOCIO<\/h2>\t\t\t\t<\/div>\n\t\t\t\t<\/div>\n\t\t\t\t\t<\/div>\n\t\t\t\t<\/div>\n\t\t<div class=\"elementor-element elementor-element-7fd84e1 e-con-full e-flex e-con e-parent\" data-id=\"7fd84e1\" data-element_type=\"container\" data-e-type=\"container\" data-settings=\"{&quot;background_background&quot;:&quot;classic&quot;}\">\n\t\t\t\t<div class=\"elementor-element elementor-element-ceb22d1 elementor-widget elementor-widget-elementskit-heading\" data-id=\"ceb22d1\" data-element_type=\"widget\" data-e-type=\"widget\" data-widget_type=\"elementskit-heading.default\">\n\t\t\t\t\t<div class=\"ekit-wid-con\" ><div class=\"ekit-heading elementskit-section-title-wraper text_center   ekit_heading_tablet-   ekit_heading_mobile-\"><h2 class=\"ekit-heading--title elementskit-section-title \">Pasos a seguir:<\/h2><div class=\"ekit_heading_separetor_wraper ekit_heading_elementskit-border-divider elementskit-style-long\"><div class=\"elementskit-border-divider elementskit-style-long\"><\/div><\/div><\/div><\/div>\t\t\t\t<\/div>\n\t\t\t\t<div class=\"elementor-element elementor-element-ced6704 elementor-widget__width-initial elementor-widget-mobile__width-auto elementor-widget elementor-widget-text-editor\" data-id=\"ced6704\" data-element_type=\"widget\" data-e-type=\"widget\" data-widget_type=\"text-editor.default\">\n\t\t\t\t\t\t\t\t\t<div class=\"box\">\n\n<!-- PASOS -->\n<div class=\"step\">\n\n<span class=\"step-num\">1<\/span>\n<div>Generar <a href=\"https:\/\/servicios.axiscloud.ec\/SVT\/paginas\/portal\/svf_solicitar_servicio.jsp?ps_param_tip_serv=MAT&amp;ps_id_empresa=02\" target=\"_blank\" rel=\"noopener\">\naqui la orden de pago\n<\/a> para transferencia de dominio.<\/div>\n<\/div>\n<div class=\"step\">\n\n<span class=\"step-num\">2<\/span>\n<div>Realizar el pago en el <strong>Banco del Pac\u00edfico<\/strong>\no puntos de pago autorizados.<\/div>\n<\/div>\n<!-- PAGOS OBLIGATORIOS -->\n<div class=\"list\">\n<h4>Pagos obligatorios<\/h4>\n<ul>\n \t<li>Pago del 1% del valor del traspaso (SRI) en Banco del Pacifico o puntos de pago autorizados.<\/li>\n \t<li>Pago de matr\u00edcula (SRI) en Banco del Pacifico o puntos de pago autorizados.<\/li>\n<\/ul>\n<\/div>\n<!-- PAGOS ADICIONALES -->\n<div class=\"list\">\n<h4>Pagos adicionales seg\u00fan cant\u00f3n<\/h4>\n<ul>\n \t<li><strong>Ibarra:<\/strong> Certificado de no adeudar SISMERT.<\/li>\n \t<li><strong>Mont\u00fafar:<\/strong>\nPago al Cuerpo de Bomberos (validaci\u00f3n f\u00edsica).<\/li>\n \t<li><strong>Pedro Moncayo:<\/strong>\nFondo vial Pichincha <a href=\"https:\/\/recaudaciones.pichincha.gob.ec\/collection\/by_vehicle_link\" target=\"_blank\" rel=\"noopener\">AQU\u00cd<\/a><\/li>\n<\/ul>\n<\/div>\n<!-- VALIDACIONES -->\n<div class=\"list\">\n<h4>Validaciones previas<\/h4> \n<ul>\n \t<li>Verificar que el veh\u00edculo o nuevo propietario <strong>no tenga multas o coactivas<\/strong> en ANT o MOVIDELNOR.\nSi existen, cancelarlas en el Banco del Pac\u00edfico o puntos autorizados.<\/li>\n<\/ul>\n<\/div>\n<br>\n<!-- ACORDEONES -->\n<div class=\"accordion\">\n<div class=\"accordion-header active\">En caso de compra \u2013 venta<\/div>\n<div class=\"accordion-content open\" style=\"display: block;\">\n<ul>\n \t<li>Contrato de compra-venta original.<\/li>\n \t<li>Legalizado y vigencia de 30 d\u00edas a partir de la fecha que ha sido\nlegalizado.<\/li>\n \t<li>Si est\u00e1 caducado, solicitar citaci\u00f3n con Agente Civil de Tr\u00e1nsito.<\/li>\n<\/ul>\n<\/div>\n<br>\n<div class=\"accordion-header active\">En caso de fallecimiento del propietario<\/div>\n<div class=\"accordion-content open\" style=\"display: block;\">\n<ul>\n \t<li>Posesi\u00f3n efectiva original registrada en el SRI.<\/li>\n \t<li>No aplica el pago del 1%<\/li>\n<\/ul>\n<\/div>\n<\/div>\n<!-- TURNO -->\n<div class=\"note\"><strong>Generar turno:<\/strong>\nEsperar 24 horas despu\u00e9s de completar los pagos y solicitar turno en\n<strong>www.movidelnor.gob.ec<\/strong><\/div>\n<!-- REQUISITOS -->\n<div class=\"list\">\n<h4>Requisitos<\/h4>\n<ul>\n \t<li><strong>Matricula Original <\/strong>\n<ul>\n \t<li>En caso de estar extraviada la matricula original debe presentar el PDF certificado \u00fanico\nvehicular mismo que se genera la orden de pago en la p\u00e1g. web www.movidelnor.gob.ec y\ncancelar en le Bco del Pacifico (El CUV una vez cancelado le llega al correo del propietario en\ncaso de tener problemas, acercarse a las oficinas atenci\u00f3n al cliente a retirar el certificado)<\/li>\n \t<li>Denuncia por p\u00e9rdida de matr\u00edcula en la p\u00e1g. web del Consejo de la Judicatura<\/li>\n<\/ul>\n<\/li>\n \t<li>Comprobantes de pago.<\/li>\n \t<li>Contrato de compra-venta original.<\/li>\n \t<li>Posesi\u00f3n efectiva original en caso que el actual propietario haya fallecido.<\/li>\n \t<li>Resoluci\u00f3n original de cambio de socio.<\/li>\n \t<li>Permiso de operaci\u00f3n en caso de ser emitido por la Agencia Nacional de Tr\u00e1nsito.<\/li>\n \t<li>C\u00e9dula y certificado de votaci\u00f3n.<\/li>\n<\/ul>\n<\/div>\n<!-- AUTORIZACI\u00d3N -->\n<h3>Quien Puede realizar el tr\u00e1mite:<\/h3>\n<!-- PERSONA NATURAL -->\n<div class=\"accordion-header active\" data-accordion=\"natural\">Persona Natural<\/div>\n<div id=\"accordion-natural\" class=\"accordion-content\" style=\"display: block;\">\n<div class=\"list\">\n<ul>\n \t<li>Familiar en primer grado de consanguinidad o afinidad: presentando cedula y papeleta de votaci\u00f3n original .<\/li>\n \t<li>Terceras Personas: Poder especial original.<\/li>\n<\/ul>\n<\/div>\n<\/div>\n<br>\n<!-- PERSONA JUR\u00cdDICA -->\n<div class=\"accordion-header active\" data-accordion=\"juridica\">Persona Jur\u00eddica<\/div>\n<div id=\"accordion-juridica\" class=\"accordion-content open\" style=\"display: block;\">\n<div class=\"list\">\n<ul>\n \t<li>C\u00e9dula y certificado de votaci\u00f3n del representante legal (original o copia).<\/li>\n \t<li>C\u00e9dula y certificado de votaci\u00f3n original de la persona autorizada.<\/li>\n \t<li>RUC de la empresa.<\/li>\n \t<li>Nombramiento del representante legal vigente.<\/li>\n \t<li>Autorizaci\u00f3n simple original emitida por el representante legal.<\/li>\n<\/ul>\n<\/div>\n<\/div>\n<!-- OBSERVACIONES -->\n<div class=\"note\">\n\n<strong>Observaciones importantes:<\/strong>\n<ul>\n \t<li>Documentos con firma electr\u00f3nica: presentar PDF original\no materializar en notar\u00eda.<\/li>\n \t<li>Documentos con firma manual: original o copia fiel.<\/li>\n<\/ul>\n<\/div>\n<\/div>\n<script> document.querySelectorAll('.accordion-header').forEach(header => { header.addEventListener('click', () => { header.classList.toggle('active'); const content = header.nextElementSibling; content.style.display = content.style.display === 'block' ? 'none' : 'block'; }); }); <\/script>\t\t\t\t\t\t\t\t<\/div>\n\t\t\t\t<\/div>\n\t\t\t\t<\/div>\n\t\t","protected":false},"excerpt":{"rendered":"<p>TRANSFERENCIA DE DOMINIO &#8211; CAMBIO DE SOCIO Pasos a seguir: 1 Generar aqui la orden de pago para transferencia de dominio. 2 Realizar el pago en el Banco del Pac\u00edfico o puntos de pago autorizados. Pagos obligatorios Pago del 1% del valor del traspaso (SRI) en Banco del Pacifico o puntos de pago autorizados. Pago [&hellip;]<\/p>\n","protected":false},"author":3,"featured_media":0,"parent":0,"menu_order":0,"comment_status":"closed","ping_status":"closed","template":"elementor_header_footer","meta":{"footnotes":""},"class_list":["post-4499","page","type-page","status-publish","hentry"],"aioseo_notices":[],"_links":{"self":[{"href":"https:\/\/movidelnor.gob.ec\/web\/webepm\/wp-json\/wp\/v2\/pages\/4499","targetHints":{"allow":["GET"]}}],"collection":[{"href":"https:\/\/movidelnor.gob.ec\/web\/webepm\/wp-json\/wp\/v2\/pages"}],"about":[{"href":"https:\/\/movidelnor.gob.ec\/web\/webepm\/wp-json\/wp\/v2\/types\/page"}],"author":[{"embeddable":true,"href":"https:\/\/movidelnor.gob.ec\/web\/webepm\/wp-json\/wp\/v2\/users\/3"}],"replies":[{"embeddable":true,"href":"https:\/\/movidelnor.gob.ec\/web\/webepm\/wp-json\/wp\/v2\/comments?post=4499"}],"version-history":[{"count":44,"href":"https:\/\/movidelnor.gob.ec\/web\/webepm\/wp-json\/wp\/v2\/pages\/4499\/revisions"}],"predecessor-version":[{"id":5959,"href":"https:\/\/movidelnor.gob.ec\/web\/webepm\/wp-json\/wp\/v2\/pages\/4499\/revisions\/5959"}],"wp:attachment":[{"href":"https:\/\/movidelnor.gob.ec\/web\/webepm\/wp-json\/wp\/v2\/media?parent=4499"}],"curies":[{"name":"wp","href":"https:\/\/api.w.org\/{rel}","templated":true}]}}