{"id":4459,"date":"2025-12-30T13:33:26","date_gmt":"2025-12-30T18:33:26","guid":{"rendered":"https:\/\/www.movidelnor.gob.ec\/web\/webepm\/?page_id=4459"},"modified":"2026-01-14T09:01:52","modified_gmt":"2026-01-14T14:01:52","slug":"transferencia-de-dominio","status":"publish","type":"page","link":"https:\/\/movidelnor.gob.ec\/web\/webepm\/transferencia-de-dominio\/","title":{"rendered":"Transferencia de Dominio"},"content":{"rendered":"\t\t<div data-elementor-type=\"wp-page\" data-elementor-id=\"4459\" class=\"elementor elementor-4459\" data-elementor-post-type=\"page\">\n\t\t\t\t<div class=\"elementor-element elementor-element-01a44f3 e-flex e-con-boxed e-con e-parent\" data-id=\"01a44f3\" data-element_type=\"container\" data-e-type=\"container\" data-settings=\"{&quot;background_background&quot;:&quot;classic&quot;}\">\n\t\t\t\t\t<div class=\"e-con-inner\">\n\t\t<div class=\"elementor-element elementor-element-fd179df e-con-full e-grid e-con e-child\" data-id=\"fd179df\" data-element_type=\"container\" data-e-type=\"container\">\n\t\t\t\t<div class=\"elementor-element elementor-element-868152f elementor-widget elementor-widget-heading\" data-id=\"868152f\" data-element_type=\"widget\" data-e-type=\"widget\" data-widget_type=\"heading.default\">\n\t\t\t\t\t<h2 class=\"elementor-heading-title elementor-size-default\">TRANSFERENCIA DE DOMINIO<\/h2>\t\t\t\t<\/div>\n\t\t\t\t<\/div>\n\t\t\t\t\t<\/div>\n\t\t\t\t<\/div>\n\t\t<div class=\"elementor-element elementor-element-7fd84e1 e-con-full e-flex e-con e-parent\" data-id=\"7fd84e1\" data-element_type=\"container\" data-e-type=\"container\" data-settings=\"{&quot;background_background&quot;:&quot;classic&quot;}\">\n\t\t\t\t<div class=\"elementor-element elementor-element-ceb22d1 elementor-widget elementor-widget-elementskit-heading\" data-id=\"ceb22d1\" data-element_type=\"widget\" data-e-type=\"widget\" data-widget_type=\"elementskit-heading.default\">\n\t\t\t\t\t<div class=\"ekit-wid-con\" ><div class=\"ekit-heading elementskit-section-title-wraper text_center   ekit_heading_tablet-   ekit_heading_mobile-\"><h2 class=\"ekit-heading--title elementskit-section-title \">Pasos a seguir:<\/h2><div class=\"ekit_heading_separetor_wraper ekit_heading_elementskit-border-divider elementskit-style-long\"><div class=\"elementskit-border-divider elementskit-style-long\"><\/div><\/div><\/div><\/div>\t\t\t\t<\/div>\n\t\t\t\t<div class=\"elementor-element elementor-element-ced6704 elementor-widget-mobile__width-auto elementor-widget elementor-widget-text-editor\" data-id=\"ced6704\" data-element_type=\"widget\" data-e-type=\"widget\" data-widget_type=\"text-editor.default\">\n\t\t\t\t\t\t\t\t\t<div class=\"box\">\n\n<!-- PASOS -->\n<div class=\"step\">\n\n<span class=\"step-num\">1<\/span>\n<div>Generar <a href=\"https:\/\/servicios.axiscloud.ec\/SVT\/paginas\/portal\/svf_solicitar_servicio.jsp?ps_param_tip_serv=MAT&amp;ps_id_empresa=02\" target=\"_blank\" rel=\"noopener\">\naqui la orden de pago\n<\/a> para transferencia de dominio.<\/div>\n<\/div>\n<div class=\"step\">\n\n<span class=\"step-num\">2<\/span>\n<div>Seleccionar el cant\u00f3n donde se realizar\u00e1 el tr\u00e1mite.<\/div>\n<\/div>\n<div class=\"step\">\n\n<span class=\"step-num\">3<\/span>\n<div>Digitar el n\u00famero de placa.<\/div>\n<\/div>\n<div class=\"step\">\n\n<span class=\"step-num\">4<\/span>\n<div>Cancelar la orden en el <strong>Banco del Pac\u00edfico<\/strong>\no puntos autorizados.<\/div>\n<\/div>\n<!-- PAGOS -->\n<div class=\"list\">\n<h4>Pagos obligatorios<\/h4>\n<ul>\n \t<li>1% del valor del traspaso (SRI) \u2013 Banco del Pac\u00edfico.<\/li>\n \t<li>Pago de matr\u00edcula (SRI).<\/li>\n \t<li>Consulta de infracciones ANT y Movidelnor del nuevo propietario y la placa del vehiculo, en caso de haber infracciones pendientes cancelar en banco del pacifico.<\/li>\n<\/ul>\n<\/div>\n<div class=\"list\">\n<h4>Pagos adicionales seg\u00fan cant\u00f3n<\/h4>\n<ul>\n \t<li><strong>Ibarra:<\/strong> Certificado de no adeudar SISMERT.<\/li>\n \t<li><strong>Mont\u00fafar:<\/strong> Pago al cuerpo de bomberos.<\/li>\n \t<li><strong>Pedro Moncayo:<\/strong> Fondo vial Pichincha\n<a href=\"https:\/\/recaudaciones.pichincha.gob.ec\/collection\/by_vehicle_link\" target=\"_blank\" rel=\"noopener\">AQU\u00cd<\/a><\/li>\n<\/ul>\n<\/div>\n<br>\n<!-- ACORDEONES -->\n<div class=\"accordion\">\n<div class=\"accordion-header active\">En caso de compra-venta<\/div>\n<div class=\"accordion-content open\" style=\"display: block;\">\n<ul>\n \t<li>Contrato de compra-venta original.<\/li>\n \t<li>Legalizado y vigente (30 d\u00edas).<\/li>\n \t<li>Si est\u00e1 caducado, solicitar citaci\u00f3n con Agente Civil de Tr\u00e1nsito.<\/li>\n<\/ul>\n<\/div>\n<br>\n<div class=\"accordion-header active\">En caso de fallecimiento del propietario<\/div>\n<div class=\"accordion-content open\" style=\"display: block;\">\n<ul>\n \t<li>Posesi\u00f3n efectiva original o fiel copia de la original registrada en el SRI.<\/li>\n \t<li>No aplica pago del 1%.<\/li>\n<\/ul>\n<\/div>\n<\/div>\n<br>\n<!-- ACORDEONES -->\n<div class=\"accordion\">\n<div class=\"accordion-header active\">En caso de donaci\u00f3n, sorteo, remate y otros<\/div>\n<div class=\"accordion-content open\" style=\"display: block;\">\n<ul>\n \t<li>Acta documental de acuerdo al tramite registrado en el SRI<\/li>\n \t<li>No aplica pago del 1%.<\/li>\n<\/ul>\n<\/div>\n<!-- TURNO -->\n<div class=\"note\"><strong>Generar turno:<\/strong>\nEsperar 24 horas despu\u00e9s de realizar todos los pagos y obtener turno en\n<strong>www.movidelnor.gob.ec<\/strong><\/div>\n<!-- REQUISITOS -->\n<div class=\"list\">\n<h4>Requisitos<\/h4>\n<ul>\n \t<li>Matr\u00edcula original o CUV.<\/li>\n \t<li>Denuncia por p\u00e9rdida (si aplica).<\/li>\n \t<li>Comprobantes de pago.<\/li>\n \t<li>Contrato de compra-venta original.<\/li>\n \t<li>Posesi\u00f3n efectiva original o fiel copia registrada en el SRI en caso de haber fallecido el titular del veh\u00edculo.<\/li>\n \t<li>C\u00e9dula y certificado de votaci\u00f3n.<\/li>\n<\/ul>\n<\/div>\n<!-- M\u00c1S ACORDEONES -->\n<!-- AUTORIZACI\u00d3N -->\n<h3>Quien Puede realizar el tr\u00e1mite:<\/h3>\n<!-- PERSONA NATURAL -->\n<div class=\"accordion-header active\" data-accordion=\"natural\">Persona Natural<\/div>\n<div id=\"accordion-natural\" class=\"accordion-content open\" style=\"display: block;\">\n<div class=\"list\">\n<ul>\n \t<li>Familiar en primer grado de consanguinidad o afinidad: presentando cedula y papeleta de votaci\u00f3n original .<\/li>\n \t<li>Terceras Personas: Poder especial original.<\/li>\n<\/ul>\n<\/div>\n<\/div>\n<br>\n<!-- PERSONA JUR\u00cdDICA -->\n<div class=\"accordion-header active\" data-accordion=\"juridica\">Persona Jur\u00eddica<\/div>\n<div id=\"accordion-juridica\" class=\"accordion-content open\" style=\"display: block;\">\n<div class=\"list\">\n<ul>\n \t<li>C\u00e9dula y certificado de votaci\u00f3n del representante legal (original o copia).<\/li>\n \t<li>C\u00e9dula y certificado de votaci\u00f3n original de la persona autorizada.<\/li>\n \t<li>RUC de la empresa.<\/li>\n \t<li>Nombramiento del representante legal vigente.<\/li>\n \t<li>Autorizaci\u00f3n simple original emitida por el representante legal.<\/li>\n<\/ul>\n<\/div>\n<\/div>\n<!-- OBSERVACIONES -->\n<div class=\"note\">\n\n<strong>Observaciones:<\/strong>\n<ul>\n \t<li>El tr\u00e1mite requiere turno previo\n(salvo exoneraci\u00f3n especial justificada).<\/li>\n<\/ul>\n<\/div>\n<\/div>\n<script> document.querySelectorAll('.accordion-header').forEach(header => { header.addEventListener('click', () => { header.classList.toggle('active'); const content = header.nextElementSibling; content.style.display = content.style.display === 'block' ? 'none' : 'block'; }); }); <\/script>\n\n<\/div>\t\t\t\t\t\t\t\t<\/div>\n\t\t\t\t<\/div>\n\t\t\t\t<\/div>\n\t\t","protected":false},"excerpt":{"rendered":"<p>TRANSFERENCIA DE DOMINIO Pasos a seguir: 1 Generar aqui la orden de pago para transferencia de dominio. 2 Seleccionar el cant\u00f3n donde se realizar\u00e1 el tr\u00e1mite. 3 Digitar el n\u00famero de placa. 4 Cancelar la orden en el Banco del Pac\u00edfico o puntos autorizados. Pagos obligatorios 1% del valor del traspaso (SRI) \u2013 Banco del [&hellip;]<\/p>\n","protected":false},"author":3,"featured_media":0,"parent":0,"menu_order":0,"comment_status":"closed","ping_status":"closed","template":"elementor_header_footer","meta":{"footnotes":""},"class_list":["post-4459","page","type-page","status-publish","hentry"],"aioseo_notices":[],"_links":{"self":[{"href":"https:\/\/movidelnor.gob.ec\/web\/webepm\/wp-json\/wp\/v2\/pages\/4459","targetHints":{"allow":["GET"]}}],"collection":[{"href":"https:\/\/movidelnor.gob.ec\/web\/webepm\/wp-json\/wp\/v2\/pages"}],"about":[{"href":"https:\/\/movidelnor.gob.ec\/web\/webepm\/wp-json\/wp\/v2\/types\/page"}],"author":[{"embeddable":true,"href":"https:\/\/movidelnor.gob.ec\/web\/webepm\/wp-json\/wp\/v2\/users\/3"}],"replies":[{"embeddable":true,"href":"https:\/\/movidelnor.gob.ec\/web\/webepm\/wp-json\/wp\/v2\/comments?post=4459"}],"version-history":[{"count":76,"href":"https:\/\/movidelnor.gob.ec\/web\/webepm\/wp-json\/wp\/v2\/pages\/4459\/revisions"}],"predecessor-version":[{"id":5972,"href":"https:\/\/movidelnor.gob.ec\/web\/webepm\/wp-json\/wp\/v2\/pages\/4459\/revisions\/5972"}],"wp:attachment":[{"href":"https:\/\/movidelnor.gob.ec\/web\/webepm\/wp-json\/wp\/v2\/media?parent=4459"}],"curies":[{"name":"wp","href":"https:\/\/api.w.org\/{rel}","templated":true}]}}