{"id":4442,"date":"2025-12-30T12:29:55","date_gmt":"2025-12-30T17:29:55","guid":{"rendered":"https:\/\/www.movidelnor.gob.ec\/web\/webepm\/?page_id=4442"},"modified":"2026-01-12T10:45:39","modified_gmt":"2026-01-12T15:45:39","slug":"renovacion-permiso-de-circulacion","status":"publish","type":"page","link":"https:\/\/movidelnor.gob.ec\/web\/webepm\/renovacion-permiso-de-circulacion\/","title":{"rendered":"Renovaci\u00f3n Permiso de Circulaci\u00f3n"},"content":{"rendered":"\t\t<div data-elementor-type=\"wp-page\" data-elementor-id=\"4442\" class=\"elementor elementor-4442\" data-elementor-post-type=\"page\">\n\t\t\t\t<div class=\"elementor-element elementor-element-01a44f3 e-flex e-con-boxed e-con e-parent\" data-id=\"01a44f3\" data-element_type=\"container\" data-e-type=\"container\" data-settings=\"{&quot;background_background&quot;:&quot;classic&quot;}\">\n\t\t\t\t\t<div class=\"e-con-inner\">\n\t\t<div class=\"elementor-element elementor-element-fd179df e-con-full e-grid e-con e-child\" data-id=\"fd179df\" data-element_type=\"container\" data-e-type=\"container\">\n\t\t\t\t<div class=\"elementor-element elementor-element-868152f elementor-widget elementor-widget-heading\" data-id=\"868152f\" data-element_type=\"widget\" data-e-type=\"widget\" data-widget_type=\"heading.default\">\n\t\t\t\t\t<h2 class=\"elementor-heading-title elementor-size-default\">RENOVACI\u00d3N DEL PERMISO DE CIRCULACI\u00d3N - VEH\u00cdCULOS EXENTOS DE RTV<\/h2>\t\t\t\t<\/div>\n\t\t\t\t<\/div>\n\t\t\t\t\t<\/div>\n\t\t\t\t<\/div>\n\t\t<div class=\"elementor-element elementor-element-7fd84e1 e-con-full e-flex e-con e-parent\" data-id=\"7fd84e1\" data-element_type=\"container\" data-e-type=\"container\" data-settings=\"{&quot;background_background&quot;:&quot;classic&quot;}\">\n\t\t\t\t<div class=\"elementor-element elementor-element-ceb22d1 elementor-widget elementor-widget-elementskit-heading\" data-id=\"ceb22d1\" data-element_type=\"widget\" data-e-type=\"widget\" data-widget_type=\"elementskit-heading.default\">\n\t\t\t\t\t<div class=\"ekit-wid-con\" ><div class=\"ekit-heading elementskit-section-title-wraper text_center   ekit_heading_tablet-   ekit_heading_mobile-\"><h2 class=\"ekit-heading--title elementskit-section-title \">Pasos a seguir:<\/h2><div class=\"ekit_heading_separetor_wraper ekit_heading_elementskit-border-divider elementskit-style-long\"><div class=\"elementskit-border-divider elementskit-style-long\"><\/div><\/div><\/div><\/div>\t\t\t\t<\/div>\n\t\t\t\t<div class=\"elementor-element elementor-element-ced6704 elementor-widget elementor-widget-text-editor\" data-id=\"ced6704\" data-element_type=\"widget\" data-e-type=\"widget\" data-widget_type=\"text-editor.default\">\n\t\t\t\t\t\t\t\t\t<div class=\"box\">\n<div class=\"step\">\n\n<span class=\"step-num\">1<\/span>\n<div>Generar <a href=\"https:\/\/servicios.axiscloud.ec\/SVT\/paginas\/portal\/svf_solicitar_servicio.jsp?ps_param_tip_serv=MAT&#038;ps_id_empresa=02\" target=\"_blank\" rel=\"noopener\">\n aqui la orden de pago\n<\/a>  para renovaci\u00f3n del permiso de circulaci\u00f3n.\n<\/div>\n<\/div>\n<div class=\"step\">\n\n<span class=\"step-num\">2<\/span>\n<div>Seleccionar el cant\u00f3n donde se realizar\u00e1 el tr\u00e1mite.<\/div>\n<\/div>\n<div class=\"step\">\n\n<span class=\"step-num\">3<\/span>\n<div>Digitar el n\u00famero de placa del veh\u00edculo.<\/div>\n<\/div>\n<div class=\"step\">\n\n<span class=\"step-num\">4<\/span>\n<div>Cancelar la orden de pago en el <strong>Banco del Pac\u00edfico<\/strong>\no puntos autorizados.<\/div>\n<\/div>\n<div class=\"list\">\n<h4>Pagos obligatorios<\/h4>\n<ul>\n \t<li>Pago de matr\u00edcula (SRI) en el Banco del Pac\u00edfico.<\/li>\n \t<li><strong>Ibarra:<\/strong> Certificado de no adeudar al SISMERT.<\/li>\n \t<li><strong>Mont\u00fafar:<\/strong> Pago del cuerpo de bomberos (validaci\u00f3n f\u00edsica).<\/li>\n \t<li><strong>Pedro Moncayo:<\/strong> Pago del fondo vial Pichincha\n<a href=\"https:\/\/recaudaciones.pichincha.gob.ec\/collection\/by_vehicle_link\" target=\"_blank\" rel=\"noopener\">\nAQU\u00cd\n<\/a>.<\/li>\n<\/ul>\n<\/div>\n<div class=\"list\">\n<h4>Requisitos<\/h4>\n<ul>\n \t<li>Matr\u00edcula original o Certificado \u00danico Vehicular (CUV).<\/li>\n \t<li>Denuncia en PDF por p\u00e9rdida de matr\u00edcula (si aplica).<\/li>\n \t<li>Comprobantes de todos los pagos realizados  (SRI, Sismert, movidelnor, infracciones de transito ANT y EPM).<\/li>\n<\/ul>\n<\/div>\n<!-- AUTORIZACI\u00d3N -->\n<h3>Quien Puede  realizar el tr\u00e1mite con matricula extraviada:<\/h3>\n<!-- PERSONA NATURAL -->\n<div class=\"accordion-header\" data-accordion=\"natural\">Persona Natural<\/div>\n<div id=\"accordion-natural\" class=\"accordion-content\">\n<div class=\"list\">\n<ul>\n<li>Familiar en primer grado de consanguinidad o afinidad: presentando cedula y papeleta de votaci\u00f3n original .<\/li>\n \t<li>Terceras Personas: Poder especial original.<\/li>\n \t\n<\/ul>\n<\/div>\n<\/div>\n<p><\/p>\n<!-- PERSONA JUR\u00cdDICA -->\n<div class=\"accordion-header\" data-accordion=\"juridica\">Persona Jur\u00eddica<\/div>\n<div id=\"accordion-juridica\" class=\"accordion-content\">\n<div class=\"list\">\n<ul>\n \t<li>C\u00e9dula y certificado de votaci\u00f3n del representante legal (original o copia).<\/li>\n \t<li>C\u00e9dula y certificado de votaci\u00f3n original de la persona autorizada.<\/li>\n \t<li>RUC de la empresa.<\/li>\n \t<li>Nombramiento del representante legal vigente.<\/li>\n \t<li>Autorizaci\u00f3n simple original emitida por el representante legal.<\/li>\n<\/ul>\n<\/div>\n<\/div>\n<div class=\"note\">\n\n<strong>Observaciones:<\/strong>\n<ul>\n \t<li>No se debe generar turno por tratarse de veh\u00edculos exentos de RTV.<\/li>\n \t<li>El tr\u00e1mite es presencial y debe realizarse 24 horas despu\u00e9s de completar pagos.<\/li>\n<li>Vehiculos exentos de RTV son livianos(menos de 3.5 toneladas) y de servicio particular.<\/li>\n \t\n<\/ul>\n<\/div>\n<\/div>\n<script>\n(function () {\n\n  function toggleAccordion(id) {\n    const content = document.getElementById('accordion-' + id);\n    const header = document.querySelector('[data-accordion=\"' + id + '\"]');\n\n    if (!content || !header) return;\n\n    header.classList.toggle('active');\n    content.style.display = content.style.display === 'block' ? 'none' : 'block';\n  }\n\n  document.querySelectorAll('.accordion-header').forEach(header => {\n    header.addEventListener('click', () => {\n      toggleAccordion(header.dataset.accordion);\n    });\n  });\n\n})();\n<\/script>\t\t\t\t\t\t\t\t<\/div>\n\t\t\t\t<\/div>\n\t\t\t\t<\/div>\n\t\t","protected":false},"excerpt":{"rendered":"<p>RENOVACI\u00d3N DEL PERMISO DE CIRCULACI\u00d3N &#8211; VEH\u00cdCULOS EXENTOS DE RTV Pasos a seguir: 1 Generar aqui la orden de pago para renovaci\u00f3n del permiso de circulaci\u00f3n. 2 Seleccionar el cant\u00f3n donde se realizar\u00e1 el tr\u00e1mite. 3 Digitar el n\u00famero de placa del veh\u00edculo. 4 Cancelar la orden de pago en el Banco del Pac\u00edfico o [&hellip;]<\/p>\n","protected":false},"author":3,"featured_media":0,"parent":0,"menu_order":0,"comment_status":"closed","ping_status":"closed","template":"elementor_header_footer","meta":{"footnotes":""},"class_list":["post-4442","page","type-page","status-publish","hentry"],"aioseo_notices":[],"_links":{"self":[{"href":"https:\/\/movidelnor.gob.ec\/web\/webepm\/wp-json\/wp\/v2\/pages\/4442","targetHints":{"allow":["GET"]}}],"collection":[{"href":"https:\/\/movidelnor.gob.ec\/web\/webepm\/wp-json\/wp\/v2\/pages"}],"about":[{"href":"https:\/\/movidelnor.gob.ec\/web\/webepm\/wp-json\/wp\/v2\/types\/page"}],"author":[{"embeddable":true,"href":"https:\/\/movidelnor.gob.ec\/web\/webepm\/wp-json\/wp\/v2\/users\/3"}],"replies":[{"embeddable":true,"href":"https:\/\/movidelnor.gob.ec\/web\/webepm\/wp-json\/wp\/v2\/comments?post=4442"}],"version-history":[{"count":34,"href":"https:\/\/movidelnor.gob.ec\/web\/webepm\/wp-json\/wp\/v2\/pages\/4442\/revisions"}],"predecessor-version":[{"id":5559,"href":"https:\/\/movidelnor.gob.ec\/web\/webepm\/wp-json\/wp\/v2\/pages\/4442\/revisions\/5559"}],"wp:attachment":[{"href":"https:\/\/movidelnor.gob.ec\/web\/webepm\/wp-json\/wp\/v2\/media?parent=4442"}],"curies":[{"name":"wp","href":"https:\/\/api.w.org\/{rel}","templated":true}]}}